{"id":6243,"date":"2024-03-13T15:38:42","date_gmt":"2024-03-13T14:38:42","guid":{"rendered":"https:\/\/helriders.com\/kaszebe-surfari\/"},"modified":"2026-02-12T19:05:26","modified_gmt":"2026-02-12T18:05:26","slug":"kaszebe-surfari","status":"publish","type":"page","link":"https:\/\/helriders.com\/en\/kaszebe-surfari\/","title":{"rendered":"KASZ\u00cbB\u00cb SURFARI"},"content":{"rendered":"\t\t<div data-elementor-type=\"wp-page\" data-elementor-id=\"6243\" class=\"elementor elementor-6243 elementor-1438\" data-elementor-post-type=\"page\">\n\t\t\t\t<div class=\"elementor-element elementor-element-c029739 e-con-full e-flex e-con e-parent\" data-id=\"c029739\" data-element_type=\"container\" data-e-type=\"container\" data-settings=\"{&quot;background_background&quot;:&quot;classic&quot;}\">\n\t\t<div class=\"elementor-element elementor-element-b29876e e-con-full e-flex e-con e-child\" data-id=\"b29876e\" data-element_type=\"container\" data-e-type=\"container\" data-settings=\"{&quot;background_background&quot;:&quot;video&quot;,&quot;background_video_link&quot;:&quot;https:\\\/\\\/helriders.com\\\/wp-content\\\/uploads\\\/2024\\\/03\\\/Zasada-Zajawka-1-video-converter.com_.mp4&quot;,&quot;background_video_start&quot;:10,&quot;background_play_on_mobile&quot;:&quot;yes&quot;}\">\n\t\t<div class=\"elementor-background-video-container\">\n\t\t\t\t\t\t\t<video class=\"elementor-background-video-hosted\" role=\"presentation\" autoplay muted playsinline loop><\/video>\n\t\t\t\t\t<\/div><div class=\"elementor-element elementor-element-a963056 e-con-full e-flex e-con e-child\" data-id=\"a963056\" data-element_type=\"container\" data-e-type=\"container\">\n\t\t\t\t<div class=\"elementor-element elementor-element-655ea6c elementor-invisible elementor-widget elementor-widget-heading\" data-id=\"655ea6c\" data-element_type=\"widget\" data-e-type=\"widget\" data-settings=\"{&quot;_animation&quot;:&quot;fadeInLeft&quot;,&quot;_animation_delay&quot;:200}\" data-widget_type=\"heading.default\">\n\t\t\t\t<div class=\"elementor-widget-container\">\n\t\t\t\t\t<h1 class=\"elementor-heading-title elementor-size-default\">KASZ\u00cbB\u00cb SURFARI<\/h1>\t\t\t\t<\/div>\n\t\t\t\t<\/div>\n\t\t\t\t<div class=\"elementor-element elementor-element-f4b7eaa elementor-invisible elementor-widget elementor-widget-text-editor\" data-id=\"f4b7eaa\" data-element_type=\"widget\" data-e-type=\"widget\" data-settings=\"{&quot;_animation&quot;:&quot;fadeInLeft&quot;,&quot;_animation_delay&quot;:500}\" data-widget_type=\"text-editor.default\">\n\t\t\t\t<div class=\"elementor-widget-container\">\n\t\t\t\t\t\t\t\t\t<p>Discover the magical landscapes of Kashubia from the wheel of your car! Kasz\u00ebb\u00eb surfari is a tourist rally leading along over 150 km of picturesque routes that will take you on a journey through the charming corners of this beautiful land. Immerse yourself in history and tradition as you explore roads full of unforgettable views. Join our unique rally \u2013 where passion for motoring meets the adventure of travel!<br>During the rally, we&#8217;ll not only enjoy every kilometer covered but also sample the home-cooked cuisine of Kashubia.<br>Rallying with us is not just about car travel, but also a unique culinary experience in beautiful surroundings and excellent company.<\/p>\t\t\t\t\t\t\t\t<\/div>\n\t\t\t\t<\/div>\n\t\t\t\t<\/div>\n\t\t\t\t<\/div>\n\t\t\t\t<\/div>\n\t\t\t\t<\/div>\n\t\t","protected":false},"excerpt":{"rendered":"<p>KASZ\u00cbB\u00cb SURFARI Discover the magical landscapes of Kashubia from the wheel of your car! Kasz\u00ebb\u00eb surfari is a tourist rally [&hellip;]<\/p>\n","protected":false},"author":1,"featured_media":0,"parent":0,"menu_order":0,"comment_status":"closed","ping_status":"closed","template":"","meta":{"site-sidebar-layout":"no-sidebar","site-content-layout":"","ast-site-content-layout":"full-width-container","site-content-style":"default","site-sidebar-style":"default","ast-global-header-display":"","ast-banner-title-visibility":"","ast-main-header-display":"","ast-hfb-above-header-display":"","ast-hfb-below-header-display":"","ast-hfb-mobile-header-display":"","site-post-title":"disabled","ast-breadcrumbs-content":"","ast-featured-img":"disabled","footer-sml-layout":"","ast-disable-related-posts":"","theme-transparent-header-meta":"","adv-header-id-meta":"","stick-header-meta":"","header-above-stick-meta":"","header-main-stick-meta":"","header-below-stick-meta":"","astra-migrate-meta-layouts":"default","ast-page-background-enabled":"default","ast-page-background-meta":{"desktop":{"background-color":"var(--ast-global-color-4)","background-image":"","background-repeat":"repeat","background-position":"center center","background-size":"auto","background-attachment":"scroll","background-type":"","background-media":"","overlay-type":"","overlay-color":"","overlay-opacity":"","overlay-gradient":""},"tablet":{"background-color":"","background-image":"","background-repeat":"repeat","background-position":"center center","background-size":"auto","background-attachment":"scroll","background-type":"","background-media":"","overlay-type":"","overlay-color":"","overlay-opacity":"","overlay-gradient":""},"mobile":{"background-color":"","background-image":"","background-repeat":"repeat","background-position":"center center","background-size":"auto","background-attachment":"scroll","background-type":"","background-media":"","overlay-type":"","overlay-color":"","overlay-opacity":"","overlay-gradient":""}},"ast-content-background-meta":{"desktop":{"background-color":"var(--ast-global-color-5)","background-image":"","background-repeat":"repeat","background-position":"center center","background-size":"auto","background-attachment":"scroll","background-type":"","background-media":"","overlay-type":"","overlay-color":"","overlay-opacity":"","overlay-gradient":""},"tablet":{"background-color":"var(--ast-global-color-5)","background-image":"","background-repeat":"repeat","background-position":"center center","background-size":"auto","background-attachment":"scroll","background-type":"","background-media":"","overlay-type":"","overlay-color":"","overlay-opacity":"","overlay-gradient":""},"mobile":{"background-color":"var(--ast-global-color-5)","background-image":"","background-repeat":"repeat","background-position":"center center","background-size":"auto","background-attachment":"scroll","background-type":"","background-media":"","overlay-type":"","overlay-color":"","overlay-opacity":"","overlay-gradient":""}},"footnotes":""},"class_list":["post-6243","page","type-page","status-publish","hentry"],"yoast_head":"<!-- This site is optimized with the Yoast SEO plugin v27.4 - https:\/\/yoast.com\/product\/yoast-seo-wordpress\/ -->\n<title>KASZ\u00cbB\u00cb SURFARI - HEL RIDERS<\/title>\n<meta name=\"robots\" content=\"index, follow, max-snippet:-1, max-image-preview:large, max-video-preview:-1\" \/>\n<link rel=\"canonical\" href=\"https:\/\/helriders.com\/kaszebe-surfari\/\" \/>\n<meta property=\"og:locale\" content=\"en_US\" \/>\n<meta property=\"og:type\" content=\"article\" \/>\n<meta property=\"og:title\" content=\"KASZ\u00cbB\u00cb SURFARI - HEL RIDERS\" \/>\n<meta property=\"og:description\" content=\"KASZ\u00cbB\u00cb SURFARI Discover the magical landscapes of Kashubia from the wheel of your car! Kasz\u00ebb\u00eb surfari is a tourist rally [&hellip;]\" \/>\n<meta property=\"og:url\" content=\"https:\/\/helriders.com\/kaszebe-surfari\/\" \/>\n<meta property=\"og:site_name\" content=\"HEL RIDERS\" \/>\n<meta property=\"article:publisher\" content=\"https:\/\/www.facebook.com\/p\/HEL-Riders-100083176120171\/\" \/>\n<meta property=\"article:modified_time\" content=\"2026-02-12T18:05:26+00:00\" \/>\n<meta name=\"twitter:card\" content=\"summary_large_image\" \/>\n<meta name=\"twitter:label1\" content=\"Est. reading time\" \/>\n\t<meta name=\"twitter:data1\" content=\"1 minute\" \/>\n<script type=\"application\/ld+json\" class=\"yoast-schema-graph\">{\"@context\":\"https:\\\/\\\/schema.org\",\"@graph\":[{\"@type\":\"WebPage\",\"@id\":\"https:\\\/\\\/helriders.com\\\/kaszebe-surfari\\\/\",\"url\":\"https:\\\/\\\/helriders.com\\\/kaszebe-surfari\\\/\",\"name\":\"KASZ\u00cbB\u00cb SURFARI - HEL RIDERS\",\"isPartOf\":{\"@id\":\"https:\\\/\\\/helriders.com\\\/#website\"},\"datePublished\":\"2024-03-13T14:38:42+00:00\",\"dateModified\":\"2026-02-12T18:05:26+00:00\",\"breadcrumb\":{\"@id\":\"https:\\\/\\\/helriders.com\\\/kaszebe-surfari\\\/#breadcrumb\"},\"inLanguage\":\"en-US\",\"potentialAction\":[{\"@type\":\"ReadAction\",\"target\":[\"https:\\\/\\\/helriders.com\\\/kaszebe-surfari\\\/\"]}]},{\"@type\":\"BreadcrumbList\",\"@id\":\"https:\\\/\\\/helriders.com\\\/kaszebe-surfari\\\/#breadcrumb\",\"itemListElement\":[{\"@type\":\"ListItem\",\"position\":1,\"name\":\"Strona g\u0142\u00f3wna\",\"item\":\"https:\\\/\\\/helriders.com\\\/\"},{\"@type\":\"ListItem\",\"position\":2,\"name\":\"KASZ\u00cbB\u00cb SURFARI\"}]},{\"@type\":\"WebSite\",\"@id\":\"https:\\\/\\\/helriders.com\\\/#website\",\"url\":\"https:\\\/\\\/helriders.com\\\/\",\"name\":\"HEL RIDERS\",\"description\":\"\",\"publisher\":{\"@id\":\"https:\\\/\\\/helriders.com\\\/#organization\"},\"potentialAction\":[{\"@type\":\"SearchAction\",\"target\":{\"@type\":\"EntryPoint\",\"urlTemplate\":\"https:\\\/\\\/helriders.com\\\/?s={search_term_string}\"},\"query-input\":{\"@type\":\"PropertyValueSpecification\",\"valueRequired\":true,\"valueName\":\"search_term_string\"}}],\"inLanguage\":\"en-US\"},{\"@type\":\"Organization\",\"@id\":\"https:\\\/\\\/helriders.com\\\/#organization\",\"name\":\"HEL RIDERS\",\"url\":\"https:\\\/\\\/helriders.com\\\/\",\"logo\":{\"@type\":\"ImageObject\",\"inLanguage\":\"en-US\",\"@id\":\"https:\\\/\\\/helriders.com\\\/#\\\/schema\\\/logo\\\/image\\\/\",\"url\":\"\",\"contentUrl\":\"\",\"caption\":\"HEL RIDERS\"},\"image\":{\"@id\":\"https:\\\/\\\/helriders.com\\\/#\\\/schema\\\/logo\\\/image\\\/\"},\"sameAs\":[\"https:\\\/\\\/www.facebook.com\\\/p\\\/HEL-Riders-100083176120171\\\/\"]}]}<\/script>\n<!-- \/ Yoast SEO plugin. -->","yoast_head_json":{"title":"KASZ\u00cbB\u00cb SURFARI - HEL RIDERS","robots":{"index":"index","follow":"follow","max-snippet":"max-snippet:-1","max-image-preview":"max-image-preview:large","max-video-preview":"max-video-preview:-1"},"canonical":"https:\/\/helriders.com\/kaszebe-surfari\/","og_locale":"en_US","og_type":"article","og_title":"KASZ\u00cbB\u00cb SURFARI - HEL RIDERS","og_description":"KASZ\u00cbB\u00cb SURFARI Discover the magical landscapes of Kashubia from the wheel of your car! Kasz\u00ebb\u00eb surfari is a tourist rally [&hellip;]","og_url":"https:\/\/helriders.com\/kaszebe-surfari\/","og_site_name":"HEL RIDERS","article_publisher":"https:\/\/www.facebook.com\/p\/HEL-Riders-100083176120171\/","article_modified_time":"2026-02-12T18:05:26+00:00","twitter_card":"summary_large_image","twitter_misc":{"Est. reading time":"1 minute"},"schema":{"@context":"https:\/\/schema.org","@graph":[{"@type":"WebPage","@id":"https:\/\/helriders.com\/kaszebe-surfari\/","url":"https:\/\/helriders.com\/kaszebe-surfari\/","name":"KASZ\u00cbB\u00cb SURFARI - HEL RIDERS","isPartOf":{"@id":"https:\/\/helriders.com\/#website"},"datePublished":"2024-03-13T14:38:42+00:00","dateModified":"2026-02-12T18:05:26+00:00","breadcrumb":{"@id":"https:\/\/helriders.com\/kaszebe-surfari\/#breadcrumb"},"inLanguage":"en-US","potentialAction":[{"@type":"ReadAction","target":["https:\/\/helriders.com\/kaszebe-surfari\/"]}]},{"@type":"BreadcrumbList","@id":"https:\/\/helriders.com\/kaszebe-surfari\/#breadcrumb","itemListElement":[{"@type":"ListItem","position":1,"name":"Strona g\u0142\u00f3wna","item":"https:\/\/helriders.com\/"},{"@type":"ListItem","position":2,"name":"KASZ\u00cbB\u00cb SURFARI"}]},{"@type":"WebSite","@id":"https:\/\/helriders.com\/#website","url":"https:\/\/helriders.com\/","name":"HEL RIDERS","description":"","publisher":{"@id":"https:\/\/helriders.com\/#organization"},"potentialAction":[{"@type":"SearchAction","target":{"@type":"EntryPoint","urlTemplate":"https:\/\/helriders.com\/?s={search_term_string}"},"query-input":{"@type":"PropertyValueSpecification","valueRequired":true,"valueName":"search_term_string"}}],"inLanguage":"en-US"},{"@type":"Organization","@id":"https:\/\/helriders.com\/#organization","name":"HEL RIDERS","url":"https:\/\/helriders.com\/","logo":{"@type":"ImageObject","inLanguage":"en-US","@id":"https:\/\/helriders.com\/#\/schema\/logo\/image\/","url":"","contentUrl":"","caption":"HEL RIDERS"},"image":{"@id":"https:\/\/helriders.com\/#\/schema\/logo\/image\/"},"sameAs":["https:\/\/www.facebook.com\/p\/HEL-Riders-100083176120171\/"]}]}},"_links":{"self":[{"href":"https:\/\/helriders.com\/en\/wp-json\/wp\/v2\/pages\/6243","targetHints":{"allow":["GET"]}}],"collection":[{"href":"https:\/\/helriders.com\/en\/wp-json\/wp\/v2\/pages"}],"about":[{"href":"https:\/\/helriders.com\/en\/wp-json\/wp\/v2\/types\/page"}],"author":[{"embeddable":true,"href":"https:\/\/helriders.com\/en\/wp-json\/wp\/v2\/users\/1"}],"replies":[{"embeddable":true,"href":"https:\/\/helriders.com\/en\/wp-json\/wp\/v2\/comments?post=6243"}],"version-history":[{"count":1,"href":"https:\/\/helriders.com\/en\/wp-json\/wp\/v2\/pages\/6243\/revisions"}],"predecessor-version":[{"id":6974,"href":"https:\/\/helriders.com\/en\/wp-json\/wp\/v2\/pages\/6243\/revisions\/6974"}],"wp:attachment":[{"href":"https:\/\/helriders.com\/en\/wp-json\/wp\/v2\/media?parent=6243"}],"curies":[{"name":"wp","href":"https:\/\/api.w.org\/{rel}","templated":true}]}}